{"id":187,"date":"2024-09-24T13:07:51","date_gmt":"2024-09-24T13:07:51","guid":{"rendered":"https:\/\/emissa.com\/wordpress\/login-admin\/"},"modified":"2024-09-24T13:07:51","modified_gmt":"2024-09-24T13:07:51","slug":"login-admin","status":"publish","type":"page","link":"https:\/\/emissa.com\/wordpress\/eng\/login-admin\/","title":{"rendered":"Admin Login"},"content":{"rendered":"<form id=\"pbm-AdminForm-login\" class=\"pbm-Form\" method=\"post\" style=\"margin: 0 auto; max-width: 600px;\" action=\"\">\r\n    <input type=\"hidden\" name=\"pbm-form\" value=\"admin-login\" \/>\r\n    \r\n    <p>\r\n        Acc\u00e8s r\u00e9serv\u00e9 aux administrateurs.\r\n    <\/p>\r\n\r\n    <div>\r\n        <label>Login<\/label>\r\n        <input type=\"text\" name=\"login\" data-rule-required=\"\" data-msg-required=\"Ce champs est obligatoire\" \/>\r\n    <\/div>\r\n\r\n    <div>\r\n        <label>Mot de passe<\/label>\r\n        <input type=\"password\" id=\"Inpt-password\" name=\"password\" data-rule-required=\"\" data-msg-required=\"Ce champs est obligatoire\" \/>\r\n        <i toggle=\"#Inpt-password\" class=\"pbm-field-icon dashicons dashicons-visibility toggle-password\"><\/i>\r\n    <\/div>\r\n    \r\n    <div class=\"wpo-row wpo-center-xs\" style=\"margin-top: 15px;\">\r\n        <button type=\"submit\" class=\"pbm-Btn pbm-Btn--primary\">Connexion<\/button>\r\n    <\/div>\r\n\r\n    <p class=\"error\">\r\n        \r\n    <\/p>\r\n<input type=\"hidden\" name=\"trp-form-language\" value=\"eng\"\/><\/form>\r\n\r\n<script>\r\n    jQuery(document).ready(function () {\r\n        jQuery('#pbm-AdminForm-login').validate();\r\n    });\r\n<\/script>","protected":false},"excerpt":{"rendered":"","protected":false},"author":1,"featured_media":0,"parent":0,"menu_order":0,"comment_status":"closed","ping_status":"closed","template":"","meta":{"site-sidebar-layout":"default","site-content-layout":"","ast-site-content-layout":"","site-content-style":"default","site-sidebar-style":"default","ast-global-header-display":"","ast-banner-title-visibility":"","ast-main-header-display":"","ast-hfb-above-header-display":"","ast-hfb-below-header-display":"","ast-hfb-mobile-header-display":"","site-post-title":"","ast-breadcrumbs-content":"","ast-featured-img":"","footer-sml-layout":"","theme-transparent-header-meta":"","adv-header-id-meta":"","stick-header-meta":"","header-above-stick-meta":"","header-main-stick-meta":"","header-below-stick-meta":"","astra-migrate-meta-layouts":"default","ast-page-background-enabled":"default","ast-page-background-meta":{"desktop":{"background-color":"var(--ast-global-color-4)","background-image":"","background-repeat":"repeat","background-position":"center center","background-size":"auto","background-attachment":"scroll","background-type":"","background-media":"","overlay-type":"","overlay-color":"","overlay-opacity":"","overlay-gradient":""},"tablet":{"background-color":"","background-image":"","background-repeat":"repeat","background-position":"center center","background-size":"auto","background-attachment":"scroll","background-type":"","background-media":"","overlay-type":"","overlay-color":"","overlay-opacity":"","overlay-gradient":""},"mobile":{"background-color":"","background-image":"","background-repeat":"repeat","background-position":"center center","background-size":"auto","background-attachment":"scroll","background-type":"","background-media":"","overlay-type":"","overlay-color":"","overlay-opacity":"","overlay-gradient":""}},"ast-content-background-meta":{"desktop":{"background-color":"var(--ast-global-color-5)","background-image":"","background-repeat":"repeat","background-position":"center center","background-size":"auto","background-attachment":"scroll","background-type":"","background-media":"","overlay-type":"","overlay-color":"","overlay-opacity":"","overlay-gradient":""},"tablet":{"background-color":"var(--ast-global-color-5)","background-image":"","background-repeat":"repeat","background-position":"center center","background-size":"auto","background-attachment":"scroll","background-type":"","background-media":"","overlay-type":"","overlay-color":"","overlay-opacity":"","overlay-gradient":""},"mobile":{"background-color":"var(--ast-global-color-5)","background-image":"","background-repeat":"repeat","background-position":"center center","background-size":"auto","background-attachment":"scroll","background-type":"","background-media":"","overlay-type":"","overlay-color":"","overlay-opacity":"","overlay-gradient":""}},"footnotes":""},"class_list":["post-187","page","type-page","status-publish","hentry"],"_links":{"self":[{"href":"https:\/\/emissa.com\/wordpress\/eng\/wp-json\/wp\/v2\/pages\/187","targetHints":{"allow":["GET"]}}],"collection":[{"href":"https:\/\/emissa.com\/wordpress\/eng\/wp-json\/wp\/v2\/pages"}],"about":[{"href":"https:\/\/emissa.com\/wordpress\/eng\/wp-json\/wp\/v2\/types\/page"}],"author":[{"embeddable":true,"href":"https:\/\/emissa.com\/wordpress\/eng\/wp-json\/wp\/v2\/users\/1"}],"replies":[{"embeddable":true,"href":"https:\/\/emissa.com\/wordpress\/eng\/wp-json\/wp\/v2\/comments?post=187"}],"version-history":[{"count":0,"href":"https:\/\/emissa.com\/wordpress\/eng\/wp-json\/wp\/v2\/pages\/187\/revisions"}],"wp:attachment":[{"href":"https:\/\/emissa.com\/wordpress\/eng\/wp-json\/wp\/v2\/media?parent=187"}],"curies":[{"name":"wp","href":"https:\/\/api.w.org\/{rel}","templated":true}]}}