{"id":85,"date":"2023-09-07T05:26:37","date_gmt":"2023-09-07T05:26:37","guid":{"rendered":"https:\/\/emissa.com\/wordpress\/?page_id=85"},"modified":"2023-09-07T06:04:43","modified_gmt":"2023-09-07T06:04:43","slug":"emplois","status":"publish","type":"page","link":"https:\/\/emissa.com\/wordpress\/eng\/","title":{"rendered":"Emplois"},"content":{"rendered":"<div class=\"vce-row-container\" data-vce-boxed-width=\"true\"><div class=\"vce-row vce-row--col-gap-30 vce-row-equal-height vce-row-content--top\" id=\"el-29acfef0\" data-vce-do-apply=\"all el-29acfef0\"><div class=\"vce-row-content\" data-vce-element-content=\"true\"><div class=\"vce-col vce-col--md-auto vce-col--xs-1 vce-col--xs-last vce-col--xs-first vce-col--sm-last vce-col--sm-first vce-col--md-last vce-col--lg-last vce-col--xl-last vce-col--md-first vce-col--lg-first vce-col--xl-first\" id=\"el-044a33bf\"><div class=\"vce-col-inner\" data-vce-do-apply=\"border margin background  el-044a33bf\"><div class=\"vce-col-content\" data-vce-element-content=\"true\" data-vce-do-apply=\"padding el-044a33bf\"><div class=\"vce-text-block\"><div class=\"vce-text-block-wrapper vce\" id=\"el-dda98d02\" data-vce-do-apply=\"all el-dda98d02\"><p><span style=\"font-weight: 400; font-style: normal;\">In constant growth, EMISSA search to complete its workforce some motivated, conscientious and well organized people.<\/span><\/p><p><span style=\"font-weight: 400; font-style: normal;\">That's why we're looking for someone to join us immediately or on short notice:<\/span><\/p><\/div><\/div><\/div><\/div><\/div><\/div><\/div><\/div><div class=\"vce-row-container\" data-vce-boxed-width=\"true\"><div class=\"vce-row vce-row--col-gap-0 vce-row-content--top\" id=\"el-6dd85a38\" data-vce-do-apply=\"all el-6dd85a38\"><div class=\"vce-row-content\" data-vce-element-content=\"true\"><div class=\"vce-col vce-col--md-73p vce-col--xs-1 vce-col--xs-last vce-col--xs-first vce-col--sm-last vce-col--sm-first vce-col--md-first vce-col--lg-first vce-col--xl-first\" id=\"el-ae50040c\"><div class=\"vce-col-inner\" data-vce-do-apply=\"border margin background  el-ae50040c\"><div class=\"vce-col-content\" data-vce-element-content=\"true\" data-vce-do-apply=\"padding el-ae50040c\"><div class=\"vce-shortcode\"><div class=\"vce-shortcode-wrapper vce\" id=\"el-77e2f4db\" data-vce-do-apply=\"all el-77e2f4db\"><div id=\"pbm-accordion\"><div class=\"two-third\">\r\n            \r\n    <div class=\"toggle\">\r\n        <p class=\"tab-index tab-opened\"><a href=\"#\" title=\"Voir l'offre\">Un.e Technicien.ne de Maintenance \u00e0 100%<\/a><\/p>\r\n        <div class=\"content-tab closed\">\r\n            <div class=\"arrow\">&nbsp;<\/div>\r\n            <p><strong>Vos t\u00e2ches :&nbsp;<\/strong><\/p><ul><li style=\"text-align:justify;\">Assurer la maintenance des \u00e9quipements de production (pr\u00e9ventive\/corrective)<\/li><li style=\"text-align:justify;\">Elaborer et suivre les modes op\u00e9ratoires de maintenance<\/li><li>Proposer et r\u00e9aliser des am\u00e9liorations techniques des installations<\/li><li>Suivre et g\u00e9rer les demandes d\u2019interventions<\/li><li>Optimiser la s\u00e9curit\u00e9 des \u00e9quipements industriels<\/li><li>G\u00e9rer et suivre les achats de consommables et pi\u00e8ces de rechanges<\/li><li>Participer aux projets de r\u00e9alisation de nouvelles installations<\/li><li>G\u00e9rer et mettre \u00e0 jour la documentation technique<\/li><\/ul><p><strong>Votre profil :&nbsp;<\/strong><\/p><ul><li>CFC m\u00e9canicien \/ polym\u00e9canicien ou formation jug\u00e9e \u00e9quivalente<\/li><li>Exp\u00e9rience dans la maintenance de machines-outils conventionnelles et CNC, avec commandes num\u00e9riques Fanuc et\/ou Okuma et\/ou Siemens et\/ou Mazak<\/li><li>Expertise en m\u00e9canique\/\u00e9lectronique\/automatisme\/pneumatique\/hydraulique<\/li><li>Maitrise l\u2019outil informatique<\/li><\/ul><p><strong>Un aper\u00e7u de ce que nous vous offrons&nbsp;:<\/strong><\/p><ul><li>Entreprise familiale soucieuse du bien-\u00eatre de ses \u00e9quipes<\/li><li>Autonomie et confiance dans les responsabilit\u00e9s qui vous seront confi\u00e9es<\/li><li>Flexibilit\u00e9 dans vos horaires et vos cong\u00e9s<\/li><li>Plan LPP attractif avec prise en charge d\u2019une part importante des cotisations&nbsp;<\/li><li>Participation financi\u00e8re \u00e0 votre assurance maladie et \u00e0 celle de vos enfants<\/li><\/ul><p>Vous \u00eates int\u00e9ress\u00e9(e) ? Nous attendons votre offre de services \u00e0 : EMISSA S.A. <a href=\"mailto:jobs@emissa.com\">jobs@emissa.com<\/a><\/p>\r\n        <\/div>\r\n    <\/div>\r\n<\/div><\/div><\/div><\/div><\/div><\/div><\/div><div class=\"vce-col vce-col--md-27p vce-col--xs-1 vce-col--xs-last vce-col--xs-first vce-col--sm-last vce-col--sm-first vce-col--md-last vce-col--lg-last vce-col--xl-last\" id=\"el-429d4f99\"><div class=\"vce-col-inner\" data-vce-do-apply=\"border margin background  el-429d4f99\"><div class=\"vce-col-content\" data-vce-element-content=\"true\" data-vce-do-apply=\"padding el-429d4f99\"><div class=\"vce-raw-html\"><div class=\"vce-raw-html-wrapper\" id=\"el-348e6b9b\" data-vce-do-apply=\"all el-348e6b9b\"><div id=\"pbm-sidebar\" class=\"group\">\n                    \n            <div class=\"widget-first widget icon-text group\">\n                <img decoding=\"async\" src=\"http:\/\/localhost\/wp-test\/wp-content\/uploads\/call.png\" alt=\"\">\n                <h3>By telephone<\/h3>\n                <p><a href=\"tel:0041329330633\">T: +41 (0) 32 933 06 66<\/a><br>\n                  F. +41 (0)32 933 06 60\n                <\/p>\n            <\/div>\n            \n            <div class=\"widget icon-text group\">\n                <img decoding=\"async\" src=\"http:\/\/localhost\/wp-test\/wp-content\/uploads\/email.png\" alt=\"\">\n                <h3>By mail<\/h3>\n                <p>EMISSA S.A.<br>\n                  Jambe Ducommun 18<br>\n                  2400 Le Locle<br>\n                  Suisse\n                <\/p>\n            <\/div>\n            \n            <div class=\"widget-last widget icon-text group\">\n                <img decoding=\"async\" src=\"http:\/\/localhost\/wp-test\/wp-content\/uploads\/email.png\" alt=\"\">\n                <h3>By email<\/h3>\n                <p><a href=\"mailto:jobs@emissa.com\" target=\"new\" rel=\"noopener\">jobs@emissa.com<\/a><\/p>\n            <\/div>\n            \n        <\/div><\/div><\/div><\/div><\/div><\/div><\/div><\/div><\/div><div class=\"vce-row-container\" data-vce-boxed-width=\"true\"><div class=\"vce-row vce-row--col-gap-30 vce-row-equal-height vce-row-content--top\" id=\"el-11400017\" data-vce-do-apply=\"all el-11400017\"><div class=\"vce-row-content\" data-vce-element-content=\"true\"><div class=\"vce-col vce-col--md-auto vce-col--xs-1 vce-col--xs-last vce-col--xs-first vce-col--sm-last vce-col--sm-first vce-col--md-last vce-col--lg-last vce-col--xl-last vce-col--md-first vce-col--lg-first vce-col--xl-first\" id=\"el-a9131ca7\"><div class=\"vce-col-inner\" data-vce-do-apply=\"border margin background  el-a9131ca7\"><div class=\"vce-col-content\" data-vce-element-content=\"true\" data-vce-do-apply=\"padding el-a9131ca7\"><div class=\"vce-text-block\"><div class=\"vce-text-block-wrapper vce\" id=\"el-51470c8d\" data-vce-do-apply=\"all el-51470c8d\"><p>You can send your candidature by mail to the following address: <a href=\"mailto:jobs@emissa.com\" target=\"new\" rel=\"noopener\">jobs@emissa.com<\/a><\/p><\/div><\/div><\/div><\/div><\/div><\/div><\/div><\/div>","protected":false},"excerpt":{"rendered":"<p>En constante croissance, EMISSA recherche pour compl\u00e9ter son effectif du personnel motiv\u00e9, consciencieux et poss\u00e9dant un bon sens de l&rsquo;organisation.C&rsquo;est pourquoi, nous recherchons pour une entr\u00e9e imm\u00e9diate ou \u00e0 convenir: Par t\u00e9l\u00e9phone T: +41 (0) 32 933 06 66 F. +41 (0)32 933 06 60 Par courrier EMISSA S.A. Jambe Ducommun 18 2400 Le Locle [&hellip;]<\/p>","protected":false},"author":1,"featured_media":0,"parent":0,"menu_order":0,"comment_status":"closed","ping_status":"closed","template":"","meta":{"site-sidebar-layout":"default","site-content-layout":"","ast-site-content-layout":"","site-content-style":"default","site-sidebar-style":"default","ast-global-header-display":"","ast-banner-title-visibility":"","ast-main-header-display":"","ast-hfb-above-header-display":"","ast-hfb-below-header-display":"","ast-hfb-mobile-header-display":"","site-post-title":"","ast-breadcrumbs-content":"","ast-featured-img":"","footer-sml-layout":"","theme-transparent-header-meta":"","adv-header-id-meta":"","stick-header-meta":"","header-above-stick-meta":"","header-main-stick-meta":"","header-below-stick-meta":"","astra-migrate-meta-layouts":"default","ast-page-background-enabled":"default","ast-page-background-meta":{"desktop":{"background-color":"var(--ast-global-color-4)","background-image":"","background-repeat":"repeat","background-position":"center center","background-size":"auto","background-attachment":"scroll","background-type":"","background-media":"","overlay-type":"","overlay-color":"","overlay-opacity":"","overlay-gradient":""},"tablet":{"background-color":"","background-image":"","background-repeat":"repeat","background-position":"center center","background-size":"auto","background-attachment":"scroll","background-type":"","background-media":"","overlay-type":"","overlay-color":"","overlay-opacity":"","overlay-gradient":""},"mobile":{"background-color":"","background-image":"","background-repeat":"repeat","background-position":"center center","background-size":"auto","background-attachment":"scroll","background-type":"","background-media":"","overlay-type":"","overlay-color":"","overlay-opacity":"","overlay-gradient":""}},"ast-content-background-meta":{"desktop":{"background-color":"var(--ast-global-color-5)","background-image":"","background-repeat":"repeat","background-position":"center center","background-size":"auto","background-attachment":"scroll","background-type":"","background-media":"","overlay-type":"","overlay-color":"","overlay-opacity":"","overlay-gradient":""},"tablet":{"background-color":"var(--ast-global-color-5)","background-image":"","background-repeat":"repeat","background-position":"center center","background-size":"auto","background-attachment":"scroll","background-type":"","background-media":"","overlay-type":"","overlay-color":"","overlay-opacity":"","overlay-gradient":""},"mobile":{"background-color":"var(--ast-global-color-5)","background-image":"","background-repeat":"repeat","background-position":"center center","background-size":"auto","background-attachment":"scroll","background-type":"","background-media":"","overlay-type":"","overlay-color":"","overlay-opacity":"","overlay-gradient":""}},"footnotes":""},"class_list":["post-85","page","type-page","status-publish","hentry"],"_links":{"self":[{"href":"https:\/\/emissa.com\/wordpress\/eng\/wp-json\/wp\/v2\/pages\/85","targetHints":{"allow":["GET"]}}],"collection":[{"href":"https:\/\/emissa.com\/wordpress\/eng\/wp-json\/wp\/v2\/pages"}],"about":[{"href":"https:\/\/emissa.com\/wordpress\/eng\/wp-json\/wp\/v2\/types\/page"}],"author":[{"embeddable":true,"href":"https:\/\/emissa.com\/wordpress\/eng\/wp-json\/wp\/v2\/users\/1"}],"replies":[{"embeddable":true,"href":"https:\/\/emissa.com\/wordpress\/eng\/wp-json\/wp\/v2\/comments?post=85"}],"version-history":[{"count":2,"href":"https:\/\/emissa.com\/wordpress\/eng\/wp-json\/wp\/v2\/pages\/85\/revisions"}],"predecessor-version":[{"id":87,"href":"https:\/\/emissa.com\/wordpress\/eng\/wp-json\/wp\/v2\/pages\/85\/revisions\/87"}],"wp:attachment":[{"href":"https:\/\/emissa.com\/wordpress\/eng\/wp-json\/wp\/v2\/media?parent=85"}],"curies":[{"name":"wp","href":"https:\/\/api.w.org\/{rel}","templated":true}]}}